{"id":8,"date":"2026-05-14T19:07:06","date_gmt":"2026-05-14T19:07:06","guid":{"rendered":"https:\/\/vvf.lufr.ch\/?page_id=8"},"modified":"2026-05-14T20:24:20","modified_gmt":"2026-05-14T20:24:20","slug":"elementor-8","status":"publish","type":"page","link":"https:\/\/vvf.lufr.ch\/","title":{"rendered":"Elementor #8"},"content":{"rendered":"\t\t<div data-elementor-type=\"wp-post\" data-elementor-id=\"8\" class=\"elementor elementor-8\" data-elementor-post-type=\"page\">\n\t\t\t\t<div class=\"elementor-element elementor-element-8e1c38f e-flex e-con-boxed e-con e-parent\" data-id=\"8e1c38f\" data-element_type=\"container\" data-e-type=\"container\">\n\t\t\t\t\t<div class=\"e-con-inner\">\n\t\t\t\t<div class=\"elementor-element elementor-element-05589f8 elementor-widget elementor-widget-text-editor\" data-id=\"05589f8\" data-element_type=\"widget\" data-e-type=\"widget\" data-widget_type=\"text-editor.default\">\n\t\t\t\t\t\t\t\t\t<p>Unser<\/p>\t\t\t\t\t\t\t\t<\/div>\n\t\t\t\t<div class=\"elementor-element elementor-element-781f06f e-transform elementor-widget elementor-widget-heading\" data-id=\"781f06f\" data-element_type=\"widget\" data-e-type=\"widget\" data-settings=\"{&quot;_transform_rotateZ_effect&quot;:{&quot;unit&quot;:&quot;px&quot;,&quot;size&quot;:-2,&quot;sizes&quot;:[]},&quot;_transform_rotateZ_effect_tablet&quot;:{&quot;unit&quot;:&quot;deg&quot;,&quot;size&quot;:&quot;&quot;,&quot;sizes&quot;:[]},&quot;_transform_rotateZ_effect_mobile&quot;:{&quot;unit&quot;:&quot;deg&quot;,&quot;size&quot;:&quot;&quot;,&quot;sizes&quot;:[]}}\" data-widget_type=\"heading.default\">\n\t\t\t\t\t<h2 class=\"elementor-heading-title elementor-size-default\">Engagement<\/h2>\t\t\t\t<\/div>\n\t\t\t\t<div class=\"elementor-element elementor-element-adc8614 elementor-widget elementor-widget-text-editor\" data-id=\"adc8614\" data-element_type=\"widget\" data-e-type=\"widget\" data-widget_type=\"text-editor.default\">\n\t\t\t\t\t\t\t\t\t<p>kann sich zeigen lassen.<\/p>\t\t\t\t\t\t\t\t<\/div>\n\t\t\t\t\t<\/div>\n\t\t\t\t<\/div>\n\t\t<div class=\"elementor-element elementor-element-3555e14d e-con-full e-flex e-con e-parent\" data-id=\"3555e14d\" data-element_type=\"container\" data-e-type=\"container\" data-settings=\"{&quot;background_background&quot;:&quot;classic&quot;}\">\n\t\t\t\t<div class=\"elementor-element elementor-element-38789ee elementor-skin-carousel elementor-widget elementor-widget-media-carousel\" data-id=\"38789ee\" data-element_type=\"widget\" data-e-type=\"widget\" data-settings=\"{&quot;slides_per_view&quot;:&quot;4&quot;,&quot;slides_per_view_tablet&quot;:&quot;3&quot;,&quot;slides_per_view_mobile&quot;:&quot;1&quot;,&quot;slides_to_scroll&quot;:&quot;1&quot;,&quot;space_between&quot;:{&quot;unit&quot;:&quot;px&quot;,&quot;size&quot;:15,&quot;sizes&quot;:[]},&quot;skin&quot;:&quot;carousel&quot;,&quot;effect&quot;:&quot;slide&quot;,&quot;speed&quot;:500,&quot;autoplay&quot;:&quot;yes&quot;,&quot;autoplay_speed&quot;:5000,&quot;loop&quot;:&quot;yes&quot;,&quot;pause_on_hover&quot;:&quot;yes&quot;,&quot;space_between_tablet&quot;:{&quot;unit&quot;:&quot;px&quot;,&quot;size&quot;:10,&quot;sizes&quot;:[]},&quot;space_between_mobile&quot;:{&quot;unit&quot;:&quot;px&quot;,&quot;size&quot;:10,&quot;sizes&quot;:[]}}\" data-widget_type=\"media-carousel.default\">\n\t\t\t\t\t\t\t\t\t\t<div class=\"elementor-main-swiper swiper\" role=\"region\" aria-roledescription=\"carousel\" aria-label=\"Slides\">\n\t\t\t\t<div class=\"swiper-wrapper\">\n\t\t\t\t\t\t\t\t\t\t\t<div class=\"swiper-slide\" role=\"group\" aria-roledescription=\"slide\">\n\t\t\t\t\t\t\t\t\t<div class=\"elementor-carousel-image\" role=\"img\" aria-label=\"img-1628_orig\" style=\"background-image: url(&#039;https:\/\/vvf.lufr.ch\/wp-content\/uploads\/2026\/05\/img-1628_orig.jpg&#039;)\">\n\n\t\t\t\n\t\t\t\t\t<\/div>\n\t\t\t\t\t<div class=\"elementor-carousel-image-overlay e-overlay-animation-fade\">\n\t\t\t\tBlumenschmuck\t\t\t<\/div>\n\t\t\t\t\t\t\t\t\t<\/div>\n\t\t\t\t\t\t\t\t\t\t\t<div class=\"swiper-slide\" role=\"group\" aria-roledescription=\"slide\">\n\t\t\t\t\t\t\t\t\t<div class=\"elementor-carousel-image\" role=\"img\" aria-label=\"f5aae988-e950-4ec0-9bb7-8e3360a8b190_rw_1920\" style=\"background-image: url(&#039;https:\/\/vvf.lufr.ch\/wp-content\/uploads\/2026\/05\/f5aae988-e950-4ec0-9bb7-8e3360a8b190_rw_1920-1.jpg&#039;)\">\n\n\t\t\t\n\t\t\t\t\t<\/div>\n\t\t\t\t\t<div class=\"elementor-carousel-image-overlay e-overlay-animation-fade\">\n\t\t\t\tPumptrack\t\t\t<\/div>\n\t\t\t\t\t\t\t\t\t<\/div>\n\t\t\t\t\t\t\t\t\t\t\t<div class=\"swiper-slide\" role=\"group\" aria-roledescription=\"slide\">\n\t\t\t\t\t\t\t\t\t<div class=\"elementor-carousel-image\" role=\"img\" aria-label=\"2020-11-02-dinokreisel-kompr_orig\" style=\"background-image: url(&#039;https:\/\/vvf.lufr.ch\/wp-content\/uploads\/2026\/05\/2020-11-02-dinokreisel-kompr_orig.jpg&#039;)\">\n\n\t\t\t\n\t\t\t\t\t<\/div>\n\t\t\t\t\t<div class=\"elementor-carousel-image-overlay e-overlay-animation-fade\">\n\t\t\t\tDino-Kreisel\t\t\t<\/div>\n\t\t\t\t\t\t\t\t\t<\/div>\n\t\t\t\t\t\t\t\t\t\t\t<div class=\"swiper-slide\" role=\"group\" aria-roledescription=\"slide\">\n\t\t\t\t\t\t\t\t\t<div class=\"elementor-carousel-image\" role=\"img\" aria-label=\"3b568553-1090-48d3-b03c-968c4fcc6516_rw_1920\" style=\"background-image: url(&#039;https:\/\/vvf.lufr.ch\/wp-content\/uploads\/2026\/05\/3b568553-1090-48d3-b03c-968c4fcc6516_rw_1920.jpg&#039;)\">\n\n\t\t\t\n\t\t\t\t\t<\/div>\n\t\t\t\t\t<div class=\"elementor-carousel-image-overlay e-overlay-animation-fade\">\n\t\t\t\tStrassenfest\t\t\t<\/div>\n\t\t\t\t\t\t\t\t\t<\/div>\n\t\t\t\t\t\t\t\t\t\t\t<div class=\"swiper-slide\" role=\"group\" aria-roledescription=\"slide\">\n\t\t\t\t\t\t\t\t\t<div class=\"elementor-carousel-image\" role=\"img\" aria-label=\"01-gemeindehaus-neu_orig\" style=\"background-image: url(&#039;https:\/\/vvf.lufr.ch\/wp-content\/uploads\/2026\/05\/01-gemeindehaus-neu_orig.jpg&#039;)\">\n\n\t\t\t\n\t\t\t\t\t<\/div>\n\t\t\t\t\t<div class=\"elementor-carousel-image-overlay e-overlay-animation-fade\">\n\t\t\t\tDino-B\u00e4nkli\t\t\t<\/div>\n\t\t\t\t\t\t\t\t\t<\/div>\n\t\t\t\t\t\t\t\t\t\t\t<div class=\"swiper-slide\" role=\"group\" aria-roledescription=\"slide\">\n\t\t\t\t\t\t\t\t\t<div class=\"elementor-carousel-image\" role=\"img\" aria-label=\"Sitzbank\" style=\"background-image: url(&#039;https:\/\/vvf.lufr.ch\/wp-content\/uploads\/2026\/05\/Sitzbank-scaled.jpeg&#039;)\">\n\n\t\t\t\n\t\t\t\t\t<\/div>\n\t\t\t\t\t<div class=\"elementor-carousel-image-overlay e-overlay-animation-fade\">\n\t\t\t\tRuheb\u00e4nke\t\t\t<\/div>\n\t\t\t\t\t\t\t\t\t<\/div>\n\t\t\t\t\t\t\t\t\t<\/div>\n\t\t\t\t\t\t\t\t\t\t\t\t\t\t\t\t\t\t\t\t\t<\/div>\n\t\t\t\t\t\t\t\t<\/div>\n\t\t\t\t<\/div>\n\t\t<div class=\"elementor-element elementor-element-1571f52 e-flex e-con-boxed e-con e-parent\" data-id=\"1571f52\" data-element_type=\"container\" data-e-type=\"container\">\n\t\t\t\t\t<div class=\"e-con-inner\">\n\t\t\t\t<div class=\"elementor-element elementor-element-13d163e elementor-widget elementor-widget-spacer\" data-id=\"13d163e\" data-element_type=\"widget\" data-e-type=\"widget\" data-widget_type=\"spacer.default\">\n\t\t\t\t\t\t\t<div class=\"elementor-spacer\">\n\t\t\t<div class=\"elementor-spacer-inner\"><\/div>\n\t\t<\/div>\n\t\t\t\t\t\t<\/div>\n\t\t\t\t\t<\/div>\n\t\t\t\t<\/div>\n\t\t<div class=\"elementor-element elementor-element-0ed5eee e-con-full e-flex e-con e-parent\" data-id=\"0ed5eee\" data-element_type=\"container\" data-e-type=\"container\" data-settings=\"{&quot;background_background&quot;:&quot;classic&quot;}\">\n\t\t<div class=\"elementor-element elementor-element-6c1a530 e-flex e-con-boxed e-con e-child\" data-id=\"6c1a530\" data-element_type=\"container\" data-e-type=\"container\">\n\t\t\t\t\t<div class=\"e-con-inner\">\n\t\t\t\t<div class=\"elementor-element elementor-element-72fc8dd elementor-widget elementor-widget-heading\" data-id=\"72fc8dd\" data-element_type=\"widget\" data-e-type=\"widget\" data-widget_type=\"heading.default\">\n\t\t\t\t\t<h2 class=\"elementor-heading-title elementor-size-default\">Strassenfest<\/h2>\t\t\t\t<\/div>\n\t\t\t\t<div class=\"elementor-element elementor-element-09de144 e-transform elementor-widget elementor-widget-heading\" data-id=\"09de144\" data-element_type=\"widget\" data-e-type=\"widget\" data-settings=\"{&quot;_transform_rotateZ_effect&quot;:{&quot;unit&quot;:&quot;px&quot;,&quot;size&quot;:-2,&quot;sizes&quot;:[]},&quot;_transform_rotateZ_effect_tablet&quot;:{&quot;unit&quot;:&quot;deg&quot;,&quot;size&quot;:&quot;&quot;,&quot;sizes&quot;:[]},&quot;_transform_rotateZ_effect_mobile&quot;:{&quot;unit&quot;:&quot;deg&quot;,&quot;size&quot;:&quot;&quot;,&quot;sizes&quot;:[]}}\" data-widget_type=\"heading.default\">\n\t\t\t\t\t<h2 class=\"elementor-heading-title elementor-size-default\">11. August 2027<\/h2>\t\t\t\t<\/div>\n\t\t\t\t\t<\/div>\n\t\t\t\t<\/div>\n\t\t\t\t<\/div>\n\t\t<div class=\"elementor-element elementor-element-346bf52 e-flex e-con-boxed e-con e-parent\" data-id=\"346bf52\" data-element_type=\"container\" data-e-type=\"container\">\n\t\t\t\t\t<div class=\"e-con-inner\">\n\t\t\t\t<div class=\"elementor-element elementor-element-f11ae0a elementor-widget elementor-widget-text-editor\" data-id=\"f11ae0a\" data-element_type=\"widget\" data-e-type=\"widget\" data-widget_type=\"text-editor.default\">\n\t\t\t\t\t\t\t\t\t<div class=\"paragraph\">Das Fricker Strassenfest findet jedes Jahr im Sommer statt und geh\u00f6rt zu den festen H\u00f6hepunkten im Dorfleben. Organisiert vom\u00a0Versch\u00f6nerungsverein Frick, verwandelt sich die Hauptstrasse f\u00fcr einen Abend in eine lebendige Festmeile.<br \/>Die besondere Atmosph\u00e4re entsteht durch die bewusst einfache Gestaltung: Aufgestuhlt wird direkt auf der Strasse, was Raum f\u00fcr Begegnungen und ungezwungenes Zusammensein schafft. Lokale Vereine und Betriebe sorgen mit einem vielf\u00e4ltigen kulinarischen Angebot sowie Unterhaltung f\u00fcr gute Stimmung und Abwechslung.<br \/>Das Fricker Strassenfest steht f\u00fcr Geselligkeit, Vielfalt und gute Laune \u2013 ein Sommerabend mitten im Dorf, offen f\u00fcr alle und gepr\u00e4gt von der Freude am gemeinsamen Feiern.<\/div>\t\t\t\t\t\t\t\t<\/div>\n\t\t\t\t<div class=\"elementor-element elementor-element-e23229c elementor-widget elementor-widget-button\" data-id=\"e23229c\" data-element_type=\"widget\" data-e-type=\"widget\" data-widget_type=\"button.default\">\n\t\t\t\t\t\t\t\t\t\t<a class=\"elementor-button elementor-button-link elementor-size-sm\" href=\"#\">\n\t\t\t\t\t\t<span class=\"elementor-button-content-wrapper\">\n\t\t\t\t\t\t\t\t\t<span class=\"elementor-button-text\">Mehr erfahren<\/span>\n\t\t\t\t\t<\/span>\n\t\t\t\t\t<\/a>\n\t\t\t\t\t\t\t\t<\/div>\n\t\t\t\t\t<\/div>\n\t\t\t\t<\/div>\n\t\t<div class=\"elementor-element elementor-element-cd253c3 e-con-full e-flex e-con e-parent\" data-id=\"cd253c3\" data-element_type=\"container\" data-e-type=\"container\" data-settings=\"{&quot;background_background&quot;:&quot;classic&quot;}\">\n\t\t<div class=\"elementor-element elementor-element-b1b2277 e-flex e-con-boxed e-con e-child\" data-id=\"b1b2277\" data-element_type=\"container\" data-e-type=\"container\">\n\t\t\t\t\t<div class=\"e-con-inner\">\n\t\t\t\t<div class=\"elementor-element elementor-element-46df7d0 elementor-widget elementor-widget-heading\" data-id=\"46df7d0\" data-element_type=\"widget\" data-e-type=\"widget\" data-widget_type=\"heading.default\">\n\t\t\t\t\t<h2 class=\"elementor-heading-title elementor-size-default\">Blumenschmuck<\/h2>\t\t\t\t<\/div>\n\t\t\t\t<div class=\"elementor-element elementor-element-531df3b e-transform elementor-widget elementor-widget-heading\" data-id=\"531df3b\" data-element_type=\"widget\" data-e-type=\"widget\" data-settings=\"{&quot;_transform_rotateZ_effect&quot;:{&quot;unit&quot;:&quot;px&quot;,&quot;size&quot;:-2,&quot;sizes&quot;:[]},&quot;_transform_rotateZ_effect_tablet&quot;:{&quot;unit&quot;:&quot;deg&quot;,&quot;size&quot;:&quot;&quot;,&quot;sizes&quot;:[]},&quot;_transform_rotateZ_effect_mobile&quot;:{&quot;unit&quot;:&quot;deg&quot;,&quot;size&quot;:&quot;&quot;,&quot;sizes&quot;:[]}}\" data-widget_type=\"heading.default\">\n\t\t\t\t\t<h2 class=\"elementor-heading-title elementor-size-default\">Giesser*in gesucht<\/h2>\t\t\t\t<\/div>\n\t\t\t\t\t<\/div>\n\t\t\t\t<\/div>\n\t\t\t\t<\/div>\n\t\t<div class=\"elementor-element elementor-element-7bc16c6 e-flex e-con-boxed e-con e-parent\" data-id=\"7bc16c6\" data-element_type=\"container\" data-e-type=\"container\">\n\t\t\t\t\t<div class=\"e-con-inner\">\n\t\t\t\t<div class=\"elementor-element elementor-element-e3509ed elementor-widget elementor-widget-text-editor\" data-id=\"e3509ed\" data-element_type=\"widget\" data-e-type=\"widget\" data-widget_type=\"text-editor.default\">\n\t\t\t\t\t\t\t\t\t<div class=\"paragraph\"><strong>Von Mai bis Oktober 2026<\/strong><br \/>Versch\u00f6nerung des Dorfes mit Blumenschmuck<br \/>\u200b<br \/><strong><span style=\"color: #c23b3b;\">Dringend gesucht: Blumengiesser:in<\/span><\/strong><br \/>Der Versch\u00f6nerungsverein Frick sucht dringend eine\/n Blumengiesser:in f\u00fcr die Pflege der Blumen an der Hauptstrasse in Frick. Die T\u00e4tigkeit beginnt jeweils im Mai und dauert bis Ende Oktober. F\u00fcr das Giessen der Blumen wird ein j\u00e4hrlicher Betrag ausbezahlt.<br \/><strong>Bei Interesse oder Fragen kontaktieren Sie bitte Doris Vonlanthen (078 682 68 65).<\/strong><br \/>Wir freuen uns auf Ihre R\u00fcckmeldung.<\/div>\t\t\t\t\t\t\t\t<\/div>\n\t\t\t\t\t<\/div>\n\t\t\t\t<\/div>\n\t\t<div class=\"elementor-element elementor-element-60526f1 e-con-full e-flex e-con e-parent\" data-id=\"60526f1\" data-element_type=\"container\" data-e-type=\"container\" data-settings=\"{&quot;background_background&quot;:&quot;classic&quot;}\">\n\t\t<div class=\"elementor-element elementor-element-9a2bdc0 e-flex e-con-boxed e-con e-child\" data-id=\"9a2bdc0\" data-element_type=\"container\" data-e-type=\"container\">\n\t\t\t\t\t<div class=\"e-con-inner\">\n\t\t\t\t<div class=\"elementor-element elementor-element-ea07dfa elementor-widget elementor-widget-heading\" data-id=\"ea07dfa\" data-element_type=\"widget\" data-e-type=\"widget\" data-widget_type=\"heading.default\">\n\t\t\t\t\t<h2 class=\"elementor-heading-title elementor-size-default\">Projekte f\u00fcr<\/h2>\t\t\t\t<\/div>\n\t\t\t\t<div class=\"elementor-element elementor-element-5227918 e-transform elementor-widget elementor-widget-heading\" data-id=\"5227918\" data-element_type=\"widget\" data-e-type=\"widget\" data-settings=\"{&quot;_transform_rotateZ_effect&quot;:{&quot;unit&quot;:&quot;px&quot;,&quot;size&quot;:-2,&quot;sizes&quot;:[]},&quot;_transform_rotateZ_effect_tablet&quot;:{&quot;unit&quot;:&quot;deg&quot;,&quot;size&quot;:&quot;&quot;,&quot;sizes&quot;:[]},&quot;_transform_rotateZ_effect_mobile&quot;:{&quot;unit&quot;:&quot;deg&quot;,&quot;size&quot;:&quot;&quot;,&quot;sizes&quot;:[]}}\" data-widget_type=\"heading.default\">\n\t\t\t\t\t<h2 class=\"elementor-heading-title elementor-size-default\">alle Generationen<\/h2>\t\t\t\t<\/div>\n\t\t\t\t\t<\/div>\n\t\t\t\t<\/div>\n\t\t\t\t<\/div>\n\t\t<div class=\"elementor-element elementor-element-504a835 e-flex e-con-boxed e-con e-parent\" data-id=\"504a835\" data-element_type=\"container\" data-e-type=\"container\">\n\t\t\t\t\t<div class=\"e-con-inner\">\n\t\t\t\t<div class=\"elementor-element elementor-element-aaf7b9c elementor-widget elementor-widget-text-editor\" data-id=\"aaf7b9c\" data-element_type=\"widget\" data-e-type=\"widget\" data-widget_type=\"text-editor.default\">\n\t\t\t\t\t\t\t\t\t<p>Der <span class=\"hover:entity-accent entity-underline inline cursor-pointer align-baseline\"><span class=\"whitespace-normal\">Versch\u00f6nerungsverein Frick<\/span><\/span> engagiert sich mit vielf\u00e4ltigen Projekten und Ideen f\u00fcr ein lebendiges, attraktives Dorf f\u00fcr alle Generationen. Seit \u00fcber 90 Jahren initiiert, begleitet und unterst\u00fctzt der Verein Vorhaben, welche das Ortsbild, das gesellschaftliche Leben und die Lebensqualit\u00e4t in Frick nachhaltig mitpr\u00e4gen. Zahlreiche Spuren dieses Engagements sind bis heute sichtbar \u2013 von Begegnungsorten \u00fcber Aufwertungen im \u00f6ffentlichen Raum bis hin zu neuen Impulsen f\u00fcr Natur, Gemeinschaft und Naherholung.<\/p>\t\t\t\t\t\t\t\t<\/div>\n\t\t\t\t\t<\/div>\n\t\t\t\t<\/div>\n\t\t\t\t<\/div>\n\t\t","protected":false},"excerpt":{"rendered":"<p>Unser Engagement kann sich zeigen lassen. Blumenschmuck Pumptrack Dino-Kreisel Strassenfest Dino-B\u00e4nkli Ruheb\u00e4nke Strassenfest 11. August 2027 Das Fricker Strassenfest findet jedes Jahr im Sommer statt und geh\u00f6rt zu den festen H\u00f6hepunkten im Dorfleben. Organisiert vom\u00a0Versch\u00f6nerungsverein Frick, verwandelt sich die Hauptstrasse f\u00fcr einen Abend in eine lebendige Festmeile.Die besondere Atmosph\u00e4re entsteht durch die bewusst einfache Gestaltung: [&hellip;]<\/p>\n","protected":false},"author":1,"featured_media":0,"parent":0,"menu_order":0,"comment_status":"closed","ping_status":"closed","template":"elementor_header_footer","meta":{"footnotes":""},"class_list":["post-8","page","type-page","status-publish","hentry"],"_links":{"self":[{"href":"https:\/\/vvf.lufr.ch\/index.php\/wp-json\/wp\/v2\/pages\/8","targetHints":{"allow":["GET"]}}],"collection":[{"href":"https:\/\/vvf.lufr.ch\/index.php\/wp-json\/wp\/v2\/pages"}],"about":[{"href":"https:\/\/vvf.lufr.ch\/index.php\/wp-json\/wp\/v2\/types\/page"}],"author":[{"embeddable":true,"href":"https:\/\/vvf.lufr.ch\/index.php\/wp-json\/wp\/v2\/users\/1"}],"replies":[{"embeddable":true,"href":"https:\/\/vvf.lufr.ch\/index.php\/wp-json\/wp\/v2\/comments?post=8"}],"version-history":[{"count":32,"href":"https:\/\/vvf.lufr.ch\/index.php\/wp-json\/wp\/v2\/pages\/8\/revisions"}],"predecessor-version":[{"id":96,"href":"https:\/\/vvf.lufr.ch\/index.php\/wp-json\/wp\/v2\/pages\/8\/revisions\/96"}],"wp:attachment":[{"href":"https:\/\/vvf.lufr.ch\/index.php\/wp-json\/wp\/v2\/media?parent=8"}],"curies":[{"name":"wp","href":"https:\/\/api.w.org\/{rel}","templated":true}]}}